{"id":537,"date":"2023-08-23T10:10:45","date_gmt":"2023-08-23T01:10:45","guid":{"rendered":"https:\/\/www.csc-m.jp\/?page_id=537"},"modified":"2023-08-29T10:25:13","modified_gmt":"2023-08-29T01:25:13","slug":"privacy-policy","status":"publish","type":"page","link":"https:\/\/www.csc-m.jp\/vi\/privacy-policy\/","title":{"rendered":"Ch\u00ednh s\u00e1ch b\u1ea3o m\u1eadt"},"content":{"rendered":"\n<p>CSC (Nghi\u1ec7p \u0111o\u00e0n kinh doanh thi\u1ebft b\u1ecb x\u00e2y d\u1ef1ng t\u1ea1m th\u1eddi Chubu) (sau \u0111\u00e2y g\u1ecdi l\u00e0 \"Nghi\u1ec7p \u0111o\u00e0n\") s\u1ebd th\u00fac \u0111\u1ea9y vi\u1ec7c b\u1ea3o v\u1ec7 th\u00f4ng tin c\u00e1 nh\u00e2n b\u1eb1ng c\u00e1ch thi\u1ebft l\u1eadp ch\u00ednh s\u00e1ch b\u1ea3o v\u1ec7 th\u00f4ng tin c\u00e1 nh\u00e2n, x\u00e2y d\u1ef1ng c\u01a1 ch\u1ebf b\u1ea3o v\u1ec7 th\u00f4ng tin c\u00e1 nh\u00e2n c\u0169ng nh\u01b0 y\u00eau c\u1ea7u t\u1ea5t c\u1ea3 c\u00e1c nh\u00e2n vi\u00ean nh\u1eadn th\u1ee9c \u0111\u01b0\u1ee3c t\u1ea7m quan tr\u1ecdng v\u00e0 th\u1ef1c hi\u1ec7n tri\u1ec7t \u0111\u1ec3 vi\u1ec7c b\u1ea3o v\u1ec7 th\u00f4ng tin c\u00e1 nh\u00e2n nh\u01b0 sau.<\/p>\n\n\n\n<h4 class=\"wp-block-heading is-style-vk-heading-solid_bottomborder_black\">Qu\u1ea3n l\u00fd th\u00f4ng tin c\u00e1 nh\u00e2n<\/h4>\n\n\n\n<p>Nghi\u1ec7p \u0111o\u00e0n s\u1ebd th\u1ef1c hi\u1ec7n c\u00e1c bi\u1ec7n ph\u00e1p c\u1ea7n thi\u1ebft nh\u01b0 duy tr\u00ec h\u1ec7 th\u1ed1ng an ninh, ho\u00e0n thi\u1ec7n h\u1ec7 th\u1ed1ng qu\u1ea3n l\u00fd v\u00e0 \u0111\u00e0o t\u1ea1o nh\u00e2n vi\u00ean m\u1ed9t c\u00e1ch k\u1ef9 l\u01b0\u1ee1ng, v.v. c\u0169ng nh\u01b0 th\u1ef1c hi\u1ec7n c\u00e1c bi\u1ec7n ph\u00e1p b\u1ea3o m\u1eadt v\u00e0 qu\u1ea3n l\u00fd ch\u1eb7t ch\u1ebd th\u00f4ng tin c\u00e1 nh\u00e2n \u0111\u1ec3 gi\u1eef cho th\u00f4ng tin c\u00e1 nh\u00e2n c\u1ee7a kh\u00e1ch h\u00e0ng lu\u00f4n ch\u00ednh x\u00e1c v\u00e0 c\u1eadp nh\u1eadt, \u0111\u1ed3ng th\u1eddi ng\u0103n ch\u1eb7n nh\u1eefng h\u00e0nh vi truy c\u1eadp tr\u00e1i ph\u00e9p, l\u00e0m m\u1ea5t, l\u00e0m h\u01b0 h\u1ecfng, l\u00e0m gi\u1ea3, l\u00e0m r\u00f2 r\u1ec9, v.v. th\u00f4ng tin c\u00e1 nh\u00e2n<\/p>\n\n\n\n<h4 class=\"wp-block-heading is-style-vk-heading-solid_bottomborder_black\">M\u1ee5c \u0111\u00edch s\u1eed d\u1ee5ng th\u00f4ng tin c\u00e1 nh\u00e2n<\/h4>\n\n\n\n<p>C\u00e1c th\u00f4ng tin c\u00e1 nh\u00e2n do kh\u00e1ch h\u00e0ng \u1ee7y th\u00e1c s\u1ebd \u0111\u01b0\u1ee3c s\u1eed d\u1ee5ng \u0111\u1ec3 g\u1eedi e-mail v\u00e0 t\u00e0i li\u1ec7u d\u01b0\u1edbi d\u1ea1ng li\u00ean h\u1ec7, h\u01b0\u1edbng d\u1eabn nghi\u1ec7p v\u1ee5 v\u00e0 gi\u1ea3i \u0111\u00e1p th\u1eafc m\u1eafc b\u1edfi Nghi\u1ec7p \u0111o\u00e0n.<\/p>\n\n\n\n<h4 class=\"wp-block-heading is-style-vk-heading-solid_bottomborder_black\">C\u1ea5m ti\u1ebft l\u1ed9\/cung c\u1ea5p th\u00f4ng tin c\u00e1 nh\u00e2n cho b\u00ean th\u1ee9 ba<\/h4>\n\n\n\n<p>Nghi\u1ec7p \u0111o\u00e0n s\u1ebd qu\u1ea3n l\u00fd c\u00e1c th\u00f4ng tin c\u00e1 nh\u00e2n do kh\u00e1ch h\u00e0ng \u1ee7y th\u00e1c m\u1ed9t c\u00e1ch h\u1ee3p l\u00fd v\u00e0 s\u1ebd kh\u00f4ng ti\u1ebft l\u1ed9 th\u00f4ng tin c\u00e1 nh\u00e2n cho b\u00ean th\u1ee9 ba, ngo\u1ea1i tr\u1eeb c\u00e1c tr\u01b0\u1eddng h\u1ee3p sau \u0111\u00e2y.<\/p>\n\n\n\n<ul class=\"is-style-vk-check-square-mark\">\n<li>Tr\u01b0\u1eddng h\u1ee3p c\u00f3 s\u1ef1 \u0111\u1ed3ng \u00fd c\u1ee7a kh\u00e1ch h\u00e0ng<\/li>\n\n\n\n<li>Tr\u01b0\u1eddng h\u1ee3p ti\u1ebft l\u1ed9 th\u00f4ng tin cho b\u00ean nh\u00e0 th\u1ea7u do nghi\u1ec7p \u0111o\u00e0n \u1ee7y th\u00e1c nghi\u1ec7p v\u1ee5 nh\u1eb1m th\u1ef1c hi\u1ec7n d\u1ecbch v\u1ee5 m\u00e0 kh\u00e1ch h\u00e0ng mong mu\u1ed1n<\/li>\n\n\n\n<li>Tr\u01b0\u1eddng h\u1ee3p c\u1ea7n ti\u1ebft l\u1ed9 theo y\u00eau c\u1ea7u c\u1ee7a ph\u00e1p lu\u1eadt<\/li>\n\n\n\n<li>C\u00e1c bi\u1ec7n ph\u00e1p b\u1ea3o m\u1eadt th\u00f4ng tin c\u00e1 nh\u00e2n<\/li>\n\n\n\n<li>Nghi\u1ec7p \u0111o\u00e0n \u0111ang th\u1ef1c hi\u1ec7n c\u00e1c bi\u1ec7n ph\u00e1p b\u1ea3o m\u1eadt to\u00e0n di\u1ec7n \u0111\u1ec3 \u0111\u1ea3m b\u1ea3o t\u00ednh ch\u00ednh x\u00e1c v\u00e0 an to\u00e0n c\u1ee7a th\u00f4ng tin c\u00e1 nh\u00e2n.<\/li>\n<\/ul>\n\n\n\n<h4 class=\"wp-block-heading is-style-vk-heading-solid_bottomborder_black\">Truy v\u1ea5n t\u1eeb\/c\u1ee7a ch\u00ednh ch\u1ee7<\/h4>\n\n\n\n<p>Tr\u01b0\u1eddng h\u1ee3p kh\u00e1ch h\u00e0ng c\u00f3 nguy\u1ec7n v\u1ecdng truy v\u1ea5n, ch\u1ec9nh s\u1eeda ho\u1eb7c x\u00f3a b\u1ecf th\u00f4ng tin c\u00e1 nh\u00e2n c\u1ee7a m\u00ecnh, nghi\u1ec7p \u0111o\u00e0n s\u1ebd \u0111\u00e1p \u1ee9ng y\u00eau c\u1ea7u n\u00e0y sau khi x\u00e1c nh\u1eadn ch\u00ednh ch\u1ee7.<\/p>\n\n\n\n<h4 class=\"wp-block-heading is-style-vk-heading-solid_bottomborder_black\">Tu\u00e2n th\u1ee7 v\u00e0 r\u00e0 so\u00e1t l\u1ea1i lu\u1eadt ph\u00e1p v\u00e0 quy chu\u1ea9n<\/h4>\n\n\n\n<p>Nghi\u1ec7p \u0111o\u00e0n tu\u00e2n th\u1ee7 lu\u1eadt ph\u00e1p Nh\u1eadt B\u1ea3n v\u00e0 c\u00e1c quy chu\u1ea9n kh\u00e1c \u0111\u01b0\u1ee3c \u00e1p d\u1ee5ng li\u00ean quan \u0111\u1ebfn th\u00f4ng tin c\u00e1 nh\u00e2n do Nghi\u1ec7p \u0111o\u00e0n n\u1eafm gi\u1eef, \u0111\u1ed3ng th\u1eddi r\u00e0 so\u00e1t l\u1ea1i n\u1ed9i dung c\u1ee7a ch\u00ednh s\u00e1ch n\u00e0y khi c\u1ea7n \u0111\u1ec3 n\u1ed7 l\u1ef1c c\u1ea3i thi\u1ec7n ch\u00fang.<\/p>\n\n\n\n<h4 class=\"wp-block-heading is-style-vk-heading-solid_bottomborder_black\">Li\u00ean h\u1ec7<\/h4>\n\n\n\n<p>C\u00e1c th\u1eafc m\u1eafc v\u1ec1 vi\u1ec7c x\u1eed l\u00fd th\u00f4ng tin c\u00e1 nh\u00e2n c\u1ee7a Nghi\u1ec7p \u0111o\u00e0n, vui l\u00f2ng li\u00ean h\u1ec7 \u0111\u1ebfn \u0111\u1ecba ch\u1ec9 sau.<\/p>\n\n\n\n<p>CSC (Nghi\u1ec7p \u0111o\u00e0n kinh doanh thi\u1ebft b\u1ecb x\u00e2y d\u1ef1ng t\u1ea1m th\u1eddi Chubu)<br>39-2 Kamezaki Shinden, ph\u1ed1 Kawagoe, huy\u1ec7n Mie, t\u1ec9nh Mie 510-8114<br>S\u0110T: 059-329-7899<\/p>\n\n\n\n<footer class=\"site-footer\">\r\n\r\n\t\t\t<nav class=\"footer-nav\"><div class=\"container\"><ul id=\"menu-footer-navigation\" class=\"menu footer-nav-list footer-nav-list--align--center nav nav--line\"><li id=\"menu-item-546\" class=\"menu-item menu-item-type-post_type menu-item-object-page menu-item-home current-menu-item page_item page-item-433 current_page_item menu-item-546\"><a href=\"https:\/\/www.csc-m.jp\/vi\/\" aria-current=\"page\">\u0110\u1ea7u trang<\/a><\/li>\r\n<li id=\"menu-item-545\" class=\"menu-item menu-item-type-post_type menu-item-object-page menu-item-545\"><a href=\"https:\/\/www.csc-m.jp\/vi\/privacy-policy\/\">Ch\u00ednh s\u00e1ch b\u1ea3o m\u1eadt<\/a><\/li>\r\n<li id=\"menu-item-547\" class=\"menu-item menu-item-type-post_type menu-item-object-page menu-item-547\"><a href=\"https:\/\/www.csc-m.jp\/vi\/contact\/\">\u0110\u1ecba ch\u1ec9 li\u00ean h\u1ec7<\/a><\/li>\r\n<\/ul><\/div><\/nav>\t\t\r\n\t\t\t\t<div class=\"container site-footer-content\">\r\n\t\t\t\t\t<div class=\"row\">\r\n\t\t\t\t<div class=\"col-lg-12\"><aside class=\"widget widget_block\" id=\"block-25\">\r\n<div class=\"wp-block-columns is-layout-flex wp-container-25\">\r\n<div class=\"wp-block-column is-layout-flow\" style=\"flex-basis:66.66%\">\r\n<figure class=\"wp-block-image aligncenter size-full is-resized\"><img decoding=\"async\" loading=\"lazy\" src=\"https:\/\/www.csc-m.jp\/wp\/wp-content\/uploads\/2023\/08\/be_rogo.png\" alt=\"\" class=\"wp-image-36\" width=\"373\" height=\"54\" srcset=\"https:\/\/www.csc-m.jp\/wp\/wp-content\/uploads\/2023\/08\/be_rogo.png 585w, https:\/\/www.csc-m.jp\/wp\/wp-content\/uploads\/2023\/08\/be_rogo-300x44.png 300w\" sizes=\"(max-width: 373px) 100vw, 373px\" \/><\/figure>\r\n\r\n\r\n\r\n<p class=\"has-text-align-center\">39-2 Oaza Kamezaki Shinden, Kawagoe-cho, Mie-gun, Mie-ken, 510-8114<br>S\u0110T: 059-329-7899<\/p>\r\n<\/div>\r\n\r\n\r\n\r\n<div class=\"wp-block-column is-layout-flow\" style=\"flex-basis:33.33%\">\r\n<figure class=\"wp-block-image aligncenter size-full is-resized\"><a href=\"https:\/\/www.facebook.com\/CSCstaffenjoyJapan\/?ref=pages_you_manage\" target=\"_blank\" rel=\"noreferrer noopener\"><img decoding=\"async\" loading=\"lazy\" src=\"https:\/\/www.csc-m.jp\/wp\/wp-content\/uploads\/2023\/07\/QR_294351.png\" alt=\"\" class=\"wp-image-174\" width=\"108\" height=\"108\" srcset=\"https:\/\/www.csc-m.jp\/wp\/wp-content\/uploads\/2023\/07\/QR_294351.png 342w, https:\/\/www.csc-m.jp\/wp\/wp-content\/uploads\/2023\/07\/QR_294351-300x300.png 300w, https:\/\/www.csc-m.jp\/wp\/wp-content\/uploads\/2023\/07\/QR_294351-150x150.png 150w\" sizes=\"(max-width: 108px) 100vw, 108px\" \/><\/a><\/figure>\r\n<\/div>\r\n<\/div>\r\n<\/aside><\/div>\t\t\t<\/div>\r\n\t\t\t\t<\/div>\r\n\t\r\n\t\r\n\t<div class=\"container site-footer-copyright\">\r\n\t\t\t<p>B\u1ea3n quy\u1ec1n - \u00a9 Nghi\u1ec7p \u0111o\u00e0n kinh doanh gi\u00e0n gi\u00e1o Chubu - B\u1ea3o l\u01b0u m\u1ecdi quy\u1ec1n.<\/p>\t<\/div>\r\n<\/footer>\n","protected":false},"excerpt":{"rendered":"<p>CSC (Nghi\u1ec7p \u0111o\u00e0n kinh doanh thi\u1ebft b\u1ecb x\u00e2y d\u1ef1ng t\u1ea1m th\u1eddi Chubu) (sau \u0111\u00e2y g\u1ecdi l\u00e0 \"Nghi\u1ec7p \u0111o\u00e0n\") s\u1ebd th\u00fac \u0111\u1ea9y vi\u1ec7c b\u1ea3o v\u1ec7 th\u00f4ng tin c\u00e1 nh\u00e2n b\u1eb1ng c\u00e1ch thi\u1ebft l\u1eadp ch\u00ednh s\u00e1ch b\u1ea3o v\u1ec7 th\u00f4ng tin c\u00e1 nh\u00e2n, x\u00e2y d\u1ef1ng c\u01a1 ch\u1ebf b\u1ea3o v\u1ec7 th\u00f4ng tin c\u00e1 nh\u00e2n c\u0169ng nh\u01b0 y\u00eau c\u1ea7u t\u1ea5t [&hellip;]<\/p>\n","protected":false},"author":1,"featured_media":0,"parent":0,"menu_order":0,"comment_status":"closed","ping_status":"closed","template":"","meta":{"_locale":"vi","_original_post":"https:\/\/www.csc-m.jp\/wp\/?page_id=3","vkexunit_cta_each_option":""},"yoast_head":"<!-- This site is optimized with the Yoast SEO plugin v21.0 - https:\/\/yoast.com\/wordpress\/plugins\/seo\/ -->\n<title>Ch\u00ednh s\u00e1ch b\u1ea3o m\u1eadt - CSC\uff08\u4e2d\u90e8\u4eee\u8a2d\u6a5f\u6750\u4e8b\u696d\u5354\u540c\u7d44\u5408\uff09\u5916\u56fd\u4eba\u6280\u80fd\u5b9f\u7fd2\u751f\u53d7\u5165<\/title>\n<meta name=\"robots\" content=\"index, follow, max-snippet:-1, max-image-preview:large, max-video-preview:-1\" \/>\n<link rel=\"canonical\" href=\"https:\/\/www.csc-m.jp\/vi\/privacy-policy\/\" \/>\n<meta property=\"og:locale\" content=\"vi_VN\" \/>\n<meta property=\"og:type\" content=\"article\" \/>\n<meta property=\"og:title\" content=\"Ch\u00ednh s\u00e1ch b\u1ea3o m\u1eadt - CSC\uff08\u4e2d\u90e8\u4eee\u8a2d\u6a5f\u6750\u4e8b\u696d\u5354\u540c\u7d44\u5408\uff09\u5916\u56fd\u4eba\u6280\u80fd\u5b9f\u7fd2\u751f\u53d7\u5165\" \/>\n<meta property=\"og:description\" content=\"CSC (Nghi\u1ec7p \u0111o\u00e0n kinh doanh thi\u1ebft b\u1ecb x\u00e2y d\u1ef1ng t\u1ea1m th\u1eddi Chubu) (sau \u0111\u00e2y g\u1ecdi l\u00e0 &quot;Nghi\u1ec7p \u0111o\u00e0n&quot;) s\u1ebd th\u00fac \u0111\u1ea9y vi\u1ec7c b\u1ea3o v\u1ec7 th\u00f4ng tin c\u00e1 nh\u00e2n b\u1eb1ng c\u00e1ch thi\u1ebft l\u1eadp ch\u00ednh s\u00e1ch b\u1ea3o v\u1ec7 th\u00f4ng tin c\u00e1 nh\u00e2n, x\u00e2y d\u1ef1ng c\u01a1 ch\u1ebf b\u1ea3o v\u1ec7 th\u00f4ng tin c\u00e1 nh\u00e2n c\u0169ng nh\u01b0 y\u00eau c\u1ea7u t\u1ea5t [&hellip;]\" \/>\n<meta property=\"og:url\" content=\"https:\/\/www.csc-m.jp\/vi\/privacy-policy\/\" \/>\n<meta property=\"og:site_name\" content=\"CSC\uff08\u4e2d\u90e8\u4eee\u8a2d\u6a5f\u6750\u4e8b\u696d\u5354\u540c\u7d44\u5408\uff09\u5916\u56fd\u4eba\u6280\u80fd\u5b9f\u7fd2\u751f\u53d7\u5165\" \/>\n<meta property=\"article:modified_time\" content=\"2023-08-29T01:25:13+00:00\" \/>\n<meta property=\"og:image\" content=\"https:\/\/www.csc-m.jp\/wp\/wp-content\/uploads\/2023\/08\/be_rogo.png\" \/>\n<meta name=\"twitter:card\" content=\"summary_large_image\" \/>\n<meta name=\"twitter:label1\" content=\"\u01af\u1edbc t\u00ednh th\u1eddi gian \u0111\u1ecdc\" \/>\n\t<meta name=\"twitter:data1\" content=\"6 ph\u00fat\" \/>\n<script type=\"application\/ld+json\" class=\"yoast-schema-graph\">{\"@context\":\"https:\/\/schema.org\",\"@graph\":[{\"@type\":\"WebPage\",\"@id\":\"https:\/\/www.csc-m.jp\/vi\/privacy-policy\/\",\"url\":\"https:\/\/www.csc-m.jp\/vi\/privacy-policy\/\",\"name\":\"Ch\u00ednh s\u00e1ch b\u1ea3o m\u1eadt - CSC\uff08\u4e2d\u90e8\u4eee\u8a2d\u6a5f\u6750\u4e8b\u696d\u5354\u540c\u7d44\u5408\uff09\u5916\u56fd\u4eba\u6280\u80fd\u5b9f\u7fd2\u751f\u53d7\u5165\",\"isPartOf\":{\"@id\":\"https:\/\/www.csc-m.jp\/#website\"},\"datePublished\":\"2023-08-23T01:10:45+00:00\",\"dateModified\":\"2023-08-29T01:25:13+00:00\",\"breadcrumb\":{\"@id\":\"https:\/\/www.csc-m.jp\/vi\/privacy-policy\/#breadcrumb\"},\"inLanguage\":\"vi\",\"potentialAction\":[{\"@type\":\"ReadAction\",\"target\":[\"https:\/\/www.csc-m.jp\/vi\/privacy-policy\/\"]}]},{\"@type\":\"BreadcrumbList\",\"@id\":\"https:\/\/www.csc-m.jp\/vi\/privacy-policy\/#breadcrumb\",\"itemListElement\":[{\"@type\":\"ListItem\",\"position\":1,\"name\":\"\u30db\u30fc\u30e0\",\"item\":\"https:\/\/www.csc-m.jp\/vi\/\"},{\"@type\":\"ListItem\",\"position\":2,\"name\":\"Ch\u00ednh s\u00e1ch b\u1ea3o m\u1eadt\"}]},{\"@type\":\"WebSite\",\"@id\":\"https:\/\/www.csc-m.jp\/#website\",\"url\":\"https:\/\/www.csc-m.jp\/\",\"name\":\"CSC\uff08\u4e2d\u90e8\u4eee\u8a2d\u6a5f\u6750\u4e8b\u696d\u5354\u540c\u7d44\u5408\uff09\u5916\u56fd\u4eba\u6280\u80fd\u5b9f\u7fd2\u751f\u53d7\u5165\",\"description\":\"\u65e5\u672c\u306e\u6280\u8853\u3067\u6bcd\u56fd\u306e\u672a\u6765\u3092\u5275\u308d\u3046\",\"potentialAction\":[{\"@type\":\"SearchAction\",\"target\":{\"@type\":\"EntryPoint\",\"urlTemplate\":\"https:\/\/www.csc-m.jp\/?s={search_term_string}\"},\"query-input\":\"required name=search_term_string\"}],\"inLanguage\":\"vi\"}]}<\/script>\n<!-- \/ Yoast SEO plugin. -->","yoast_head_json":{"title":"Ch\u00ednh s\u00e1ch b\u1ea3o m\u1eadt - CSC\uff08\u4e2d\u90e8\u4eee\u8a2d\u6a5f\u6750\u4e8b\u696d\u5354\u540c\u7d44\u5408\uff09\u5916\u56fd\u4eba\u6280\u80fd\u5b9f\u7fd2\u751f\u53d7\u5165","robots":{"index":"index","follow":"follow","max-snippet":"max-snippet:-1","max-image-preview":"max-image-preview:large","max-video-preview":"max-video-preview:-1"},"canonical":"https:\/\/www.csc-m.jp\/vi\/privacy-policy\/","og_locale":"vi_VN","og_type":"article","og_title":"Ch\u00ednh s\u00e1ch b\u1ea3o m\u1eadt - CSC\uff08\u4e2d\u90e8\u4eee\u8a2d\u6a5f\u6750\u4e8b\u696d\u5354\u540c\u7d44\u5408\uff09\u5916\u56fd\u4eba\u6280\u80fd\u5b9f\u7fd2\u751f\u53d7\u5165","og_description":"CSC (Nghi\u1ec7p \u0111o\u00e0n kinh doanh thi\u1ebft b\u1ecb x\u00e2y d\u1ef1ng t\u1ea1m th\u1eddi Chubu) (sau \u0111\u00e2y g\u1ecdi l\u00e0 \"Nghi\u1ec7p \u0111o\u00e0n\") s\u1ebd th\u00fac \u0111\u1ea9y vi\u1ec7c b\u1ea3o v\u1ec7 th\u00f4ng tin c\u00e1 nh\u00e2n b\u1eb1ng c\u00e1ch thi\u1ebft l\u1eadp ch\u00ednh s\u00e1ch b\u1ea3o v\u1ec7 th\u00f4ng tin c\u00e1 nh\u00e2n, x\u00e2y d\u1ef1ng c\u01a1 ch\u1ebf b\u1ea3o v\u1ec7 th\u00f4ng tin c\u00e1 nh\u00e2n c\u0169ng nh\u01b0 y\u00eau c\u1ea7u t\u1ea5t [&hellip;]","og_url":"https:\/\/www.csc-m.jp\/vi\/privacy-policy\/","og_site_name":"CSC\uff08\u4e2d\u90e8\u4eee\u8a2d\u6a5f\u6750\u4e8b\u696d\u5354\u540c\u7d44\u5408\uff09\u5916\u56fd\u4eba\u6280\u80fd\u5b9f\u7fd2\u751f\u53d7\u5165","article_modified_time":"2023-08-29T01:25:13+00:00","og_image":[{"url":"https:\/\/www.csc-m.jp\/wp\/wp-content\/uploads\/2023\/08\/be_rogo.png"}],"twitter_card":"summary_large_image","twitter_misc":{"\u01af\u1edbc t\u00ednh th\u1eddi gian \u0111\u1ecdc":"6 ph\u00fat"},"schema":{"@context":"https:\/\/schema.org","@graph":[{"@type":"WebPage","@id":"https:\/\/www.csc-m.jp\/vi\/privacy-policy\/","url":"https:\/\/www.csc-m.jp\/vi\/privacy-policy\/","name":"Ch\u00ednh s\u00e1ch b\u1ea3o m\u1eadt - CSC\uff08\u4e2d\u90e8\u4eee\u8a2d\u6a5f\u6750\u4e8b\u696d\u5354\u540c\u7d44\u5408\uff09\u5916\u56fd\u4eba\u6280\u80fd\u5b9f\u7fd2\u751f\u53d7\u5165","isPartOf":{"@id":"https:\/\/www.csc-m.jp\/#website"},"datePublished":"2023-08-23T01:10:45+00:00","dateModified":"2023-08-29T01:25:13+00:00","breadcrumb":{"@id":"https:\/\/www.csc-m.jp\/vi\/privacy-policy\/#breadcrumb"},"inLanguage":"vi","potentialAction":[{"@type":"ReadAction","target":["https:\/\/www.csc-m.jp\/vi\/privacy-policy\/"]}]},{"@type":"BreadcrumbList","@id":"https:\/\/www.csc-m.jp\/vi\/privacy-policy\/#breadcrumb","itemListElement":[{"@type":"ListItem","position":1,"name":"\u30db\u30fc\u30e0","item":"https:\/\/www.csc-m.jp\/vi\/"},{"@type":"ListItem","position":2,"name":"Ch\u00ednh s\u00e1ch b\u1ea3o m\u1eadt"}]},{"@type":"WebSite","@id":"https:\/\/www.csc-m.jp\/#website","url":"https:\/\/www.csc-m.jp\/","name":"CSC\uff08\u4e2d\u90e8\u4eee\u8a2d\u6a5f\u6750\u4e8b\u696d\u5354\u540c\u7d44\u5408\uff09\u5916\u56fd\u4eba\u6280\u80fd\u5b9f\u7fd2\u751f\u53d7\u5165","description":"\u65e5\u672c\u306e\u6280\u8853\u3067\u6bcd\u56fd\u306e\u672a\u6765\u3092\u5275\u308d\u3046","potentialAction":[{"@type":"SearchAction","target":{"@type":"EntryPoint","urlTemplate":"https:\/\/www.csc-m.jp\/?s={search_term_string}"},"query-input":"required name=search_term_string"}],"inLanguage":"vi"}]}},"_links":{"self":[{"href":"https:\/\/www.csc-m.jp\/wp-json\/wp\/v2\/pages\/537"}],"collection":[{"href":"https:\/\/www.csc-m.jp\/wp-json\/wp\/v2\/pages"}],"about":[{"href":"https:\/\/www.csc-m.jp\/wp-json\/wp\/v2\/types\/page"}],"author":[{"embeddable":true,"href":"https:\/\/www.csc-m.jp\/wp-json\/wp\/v2\/users\/1"}],"replies":[{"embeddable":true,"href":"https:\/\/www.csc-m.jp\/wp-json\/wp\/v2\/comments?post=537"}],"version-history":[{"count":3,"href":"https:\/\/www.csc-m.jp\/wp-json\/wp\/v2\/pages\/537\/revisions"}],"predecessor-version":[{"id":657,"href":"https:\/\/www.csc-m.jp\/wp-json\/wp\/v2\/pages\/537\/revisions\/657"}],"wp:attachment":[{"href":"https:\/\/www.csc-m.jp\/wp-json\/wp\/v2\/media?parent=537"}],"curies":[{"name":"wp","href":"https:\/\/api.w.org\/{rel}","templated":true}]}}