{"id":441,"date":"2023-08-22T23:46:22","date_gmt":"2023-08-22T14:46:22","guid":{"rendered":"https:\/\/www.csc-m.jp\/?page_id=441"},"modified":"2023-08-29T11:42:16","modified_gmt":"2023-08-29T02:42:16","slug":"contact","status":"publish","type":"page","link":"https:\/\/www.csc-m.jp\/vi\/contact\/","title":{"rendered":"\u0110\u1ecba ch\u1ec9 li\u00ean h\u1ec7"},"content":{"rendered":"\n<div class=\"wp-block-contact-form-7-contact-form-selector\">\n<div class=\"wpcf7 no-js\" id=\"wpcf7-f666-o1\" lang=\"ja\" dir=\"ltr\">\n<div class=\"screen-reader-response\"><p role=\"status\" aria-live=\"polite\" aria-atomic=\"true\"><\/p> <ul><\/ul><\/div>\n<form action=\"\/vi\/wp-json\/wp\/v2\/pages\/441#wpcf7-f666-o1\" method=\"post\" class=\"wpcf7-form init\" aria-label=\"\u30b3\u30f3\u30bf\u30af\u30c8\u30d5\u30a9\u30fc\u30e0\" novalidate=\"novalidate\" data-status=\"init\">\n<div style=\"display: none;\">\n<input type=\"hidden\" name=\"_wpcf7\" value=\"666\" \/>\n<input type=\"hidden\" name=\"_wpcf7_version\" value=\"5.8\" \/>\n<input type=\"hidden\" name=\"_wpcf7_locale\" value=\"ja\" \/>\n<input type=\"hidden\" name=\"_wpcf7_unit_tag\" value=\"wpcf7-f666-o1\" \/>\n<input type=\"hidden\" name=\"_wpcf7_container_post\" value=\"0\" \/>\n<input type=\"hidden\" name=\"_wpcf7_posted_data_hash\" value=\"\" \/>\n<\/div>\n<p>H\u1ecd v\u00e0 t\u00ean<small class=\"text-danger\">\uff08B\u1eaft bu\u1ed9c\uff09<\/small><br \/>\n<span class=\"wpcf7-form-control-wrap\" data-name=\"your-name\"><input size=\"40\" class=\"wpcf7-form-control wpcf7-text wpcf7-validates-as-required\" aria-required=\"true\" aria-invalid=\"false\" placeholder=\"Chubu Taro\" value=\"\" type=\"text\" name=\"your-name\" \/><\/span>\n<\/p>\n<p>\u0110\u1ecba ch\u1ec9 e-mail<small class=\"text-danger\">\uff08B\u1eaft bu\u1ed9c\uff09<\/small><br \/>\n<span class=\"wpcf7-form-control-wrap\" data-name=\"your-email\"><input size=\"40\" class=\"wpcf7-form-control wpcf7-email wpcf7-validates-as-required wpcf7-text wpcf7-validates-as-email\" aria-required=\"true\" aria-invalid=\"false\" placeholder=\"example@csc-m.jp\" value=\"\" type=\"email\" name=\"your-email\" \/><\/span>\n<\/p>\n<p>X\u00e1c nh\u1eadn \u0111\u1ecba ch\u1ec9 e-mail<small class=\"text-danger\">\uff08B\u1eaft bu\u1ed9c\uff09<\/small><br \/>\n<span class=\"wpcf7-form-control-wrap\" data-name=\"your-email_confirm\"><input size=\"40\" class=\"wpcf7-form-control wpcf7-email wpcf7-validates-as-required wpcf7-text wpcf7-validates-as-email\" aria-required=\"true\" aria-invalid=\"false\" placeholder=\"example@csc-m.jp\" value=\"\" type=\"email\" name=\"your-email_confirm\" \/><\/span>\n<\/p>\n<p>\u0110\u1ecba ch\u1ec9<small class=\"text-danger\">\uff08B\u1eaft bu\u1ed9c\uff09<\/small><br \/>\n<span class=\"wpcf7-form-control-wrap\" data-name=\"text-729\"><input size=\"40\" class=\"wpcf7-form-control wpcf7-text wpcf7-validates-as-required\" aria-required=\"true\" aria-invalid=\"false\" placeholder=\"\u25cb-chome \u25cb-\u25cb, Th\u00e0nh ph\u1ed1 Yokkaichi, T\u1ec9nh Mie\" value=\"\" type=\"text\" name=\"text-729\" \/><\/span>\n<\/p>\n<p>S\u1ed1 \u0111i\u1ec7n tho\u1ea1i<small class=\"text-danger\">\uff08B\u1eaft bu\u1ed9c\uff09<\/small><br \/>\n<span class=\"wpcf7-form-control-wrap\" data-name=\"tel\"><input size=\"40\" class=\"wpcf7-form-control wpcf7-text wpcf7-validates-as-required\" aria-required=\"true\" aria-invalid=\"false\" placeholder=\"059-\u3007\u3007\u3007-\u3007\u3007\u3007\u3007\" value=\"\" type=\"text\" name=\"tel\" \/><\/span>\n<\/p>\n<p>N\u1ed9i dung li\u00ean h\u1ec7<small class=\"text-danger\">\uff08B\u1eaft bu\u1ed9c\uff09<\/small><br \/>\n<span class=\"wpcf7-form-control-wrap\" data-name=\"your-message\"><textarea cols=\"40\" rows=\"10\" class=\"wpcf7-form-control wpcf7-textarea wpcf7-validates-as-required\" aria-required=\"true\" aria-invalid=\"false\" name=\"your-message\"><\/textarea><\/span>\n<\/p>\n<p>M\u00e0n h\u00ecnh x\u00e1c nh\u1eadn s\u1ebd kh\u00f4ng \u0111\u01b0\u1ee3c hi\u1ec3n th\u1ecb. B\u1ea1n c\u00f3 mu\u1ed1n g\u1eedi n\u1ed9i dung tr\u00ean kh\u00f4ng?<small class=\"text-danger\">\uff08B\u1eaft bu\u1ed9c\uff09<\/small><br \/>\n<span class=\"wpcf7-form-control-wrap\" data-name=\"kakunin\"><span class=\"wpcf7-form-control wpcf7-checkbox wpcf7-validates-as-required\"><span class=\"wpcf7-list-item first last\"><input type=\"checkbox\" name=\"kakunin[]\" value=\"C\u00f3\" \/><span class=\"wpcf7-list-item-label\">C\u00f3<\/span><\/span><\/span><\/span>\n<\/p>\n<p class=\"center\"><input class=\"wpcf7-form-control wpcf7-submit has-spinner btn btn-primary btn-lg btn-block\" type=\"submit\" value=\"G\u1eedi\" \/>\n<\/p><div class=\"wpcf7-response-output\" aria-hidden=\"true\"><\/div>\n<\/form>\n<\/div>\n<\/div>\n\n\n\n<footer class=\"site-footer\">\r\n\r\n\t\t\t<nav class=\"footer-nav\"><div class=\"container\"><ul id=\"menu-footer-navigation\" class=\"menu footer-nav-list footer-nav-list--align--center nav nav--line\"><li id=\"menu-item-546\" class=\"menu-item menu-item-type-post_type menu-item-object-page menu-item-home current-menu-item page_item page-item-433 current_page_item menu-item-546\"><a href=\"https:\/\/www.csc-m.jp\/vi\/\" aria-current=\"page\">\u0110\u1ea7u trang<\/a><\/li>\r\n<li id=\"menu-item-545\" class=\"menu-item menu-item-type-post_type menu-item-object-page menu-item-545\"><a href=\"https:\/\/www.csc-m.jp\/vi\/privacy-policy\/\">Ch\u00ednh s\u00e1ch b\u1ea3o m\u1eadt<\/a><\/li>\r\n<li id=\"menu-item-547\" class=\"menu-item menu-item-type-post_type menu-item-object-page menu-item-547\"><a href=\"https:\/\/www.csc-m.jp\/vi\/contact\/\">\u0110\u1ecba ch\u1ec9 li\u00ean h\u1ec7<\/a><\/li>\r\n<\/ul><\/div><\/nav>\t\t\r\n\t\t\t\t<div class=\"container site-footer-content\">\r\n\t\t\t\t\t<div class=\"row\">\r\n\t\t\t\t<div class=\"col-lg-12\"><aside class=\"widget widget_block\" id=\"block-25\">\r\n<div class=\"wp-block-columns is-layout-flex wp-container-25\">\r\n<div class=\"wp-block-column is-layout-flow\" style=\"flex-basis:66.66%\">\r\n<figure class=\"wp-block-image aligncenter size-full is-resized\"><img decoding=\"async\" loading=\"lazy\" src=\"https:\/\/www.csc-m.jp\/wp\/wp-content\/uploads\/2023\/08\/be_rogo.png\" alt=\"\" class=\"wp-image-36\" width=\"373\" height=\"54\" srcset=\"https:\/\/www.csc-m.jp\/wp\/wp-content\/uploads\/2023\/08\/be_rogo.png 585w, https:\/\/www.csc-m.jp\/wp\/wp-content\/uploads\/2023\/08\/be_rogo-300x44.png 300w\" sizes=\"(max-width: 373px) 100vw, 373px\" \/><\/figure>\r\n\r\n\r\n\r\n<p class=\"has-text-align-center\">39-2 Oaza Kamezaki Shinden, Kawagoe-cho, Mie-gun, Mie-ken, 510-8114<br>S\u0110T: 059-329-7899<\/p>\r\n<\/div>\r\n\r\n\r\n\r\n<div class=\"wp-block-column is-layout-flow\" style=\"flex-basis:33.33%\">\r\n<figure class=\"wp-block-image aligncenter size-full is-resized\"><a href=\"https:\/\/www.facebook.com\/CSCstaffenjoyJapan\/?ref=pages_you_manage\" target=\"_blank\" rel=\"noreferrer noopener\"><img decoding=\"async\" loading=\"lazy\" src=\"https:\/\/www.csc-m.jp\/wp\/wp-content\/uploads\/2023\/07\/QR_294351.png\" alt=\"\" class=\"wp-image-174\" width=\"108\" height=\"108\" srcset=\"https:\/\/www.csc-m.jp\/wp\/wp-content\/uploads\/2023\/07\/QR_294351.png 342w, https:\/\/www.csc-m.jp\/wp\/wp-content\/uploads\/2023\/07\/QR_294351-300x300.png 300w, https:\/\/www.csc-m.jp\/wp\/wp-content\/uploads\/2023\/07\/QR_294351-150x150.png 150w\" sizes=\"(max-width: 108px) 100vw, 108px\" \/><\/a><\/figure>\r\n<\/div>\r\n<\/div>\r\n<\/aside><\/div>\t\t\t<\/div>\r\n\t\t\t\t<\/div>\r\n\t\r\n\t\r\n\t<div class=\"container site-footer-copyright\">\r\n\t\t\t<p>B\u1ea3n quy\u1ec1n - \u00a9 Nghi\u1ec7p \u0111o\u00e0n kinh doanh gi\u00e0n gi\u00e1o Chubu - B\u1ea3o l\u01b0u m\u1ecdi quy\u1ec1n.<\/p>\t<\/div>\r\n<\/footer>\n","protected":false},"excerpt":{"rendered":"<p>\u0110\u1ea7u trang Ch\u00ednh s\u00e1ch b\u1ea3o m\u1eadt \u0110\u1ecba ch\u1ec9 li\u00ean h\u1ec7 39-2 Oaza Kamezaki Shinden, Kawagoe-cho, Mie-gun, Mie-ken, 510-8114S\u0110T: 059-329-7899 B\u1ea3n quy\u1ec1n - \u00a9 Nghi\u1ec7p \u0111o\u00e0n kinh doanh gi\u00e0n gi\u00e1o Chubu - B\u1ea3o l\u01b0u m\u1ecdi quy\u1ec1n.<\/p>\n","protected":false},"author":1,"featured_media":0,"parent":0,"menu_order":0,"comment_status":"closed","ping_status":"closed","template":"","meta":{"_locale":"vi","_original_post":"https:\/\/www.csc-m.jp\/?page_id=26","vkexunit_cta_each_option":""},"yoast_head":"<!-- This site is optimized with the Yoast SEO plugin v21.0 - https:\/\/yoast.com\/wordpress\/plugins\/seo\/ -->\n<title>\u0110\u1ecba ch\u1ec9 li\u00ean h\u1ec7 - CSC\uff08\u4e2d\u90e8\u4eee\u8a2d\u6a5f\u6750\u4e8b\u696d\u5354\u540c\u7d44\u5408\uff09\u5916\u56fd\u4eba\u6280\u80fd\u5b9f\u7fd2\u751f\u53d7\u5165<\/title>\n<meta name=\"robots\" content=\"index, follow, max-snippet:-1, max-image-preview:large, max-video-preview:-1\" \/>\n<link rel=\"canonical\" href=\"https:\/\/www.csc-m.jp\/vi\/contact\/\" \/>\n<meta property=\"og:locale\" content=\"vi_VN\" \/>\n<meta property=\"og:type\" content=\"article\" \/>\n<meta property=\"og:title\" content=\"\u0110\u1ecba ch\u1ec9 li\u00ean h\u1ec7 - CSC\uff08\u4e2d\u90e8\u4eee\u8a2d\u6a5f\u6750\u4e8b\u696d\u5354\u540c\u7d44\u5408\uff09\u5916\u56fd\u4eba\u6280\u80fd\u5b9f\u7fd2\u751f\u53d7\u5165\" \/>\n<meta property=\"og:description\" content=\"\u0110\u1ea7u trang Ch\u00ednh s\u00e1ch b\u1ea3o m\u1eadt \u0110\u1ecba ch\u1ec9 li\u00ean h\u1ec7 39-2 Oaza Kamezaki Shinden, Kawagoe-cho, Mie-gun, Mie-ken, 510-8114S\u0110T: 059-329-7899 B\u1ea3n quy\u1ec1n - \u00a9 Nghi\u1ec7p \u0111o\u00e0n kinh doanh gi\u00e0n gi\u00e1o Chubu - B\u1ea3o l\u01b0u m\u1ecdi quy\u1ec1n.\" \/>\n<meta property=\"og:url\" content=\"https:\/\/www.csc-m.jp\/vi\/contact\/\" \/>\n<meta property=\"og:site_name\" content=\"CSC\uff08\u4e2d\u90e8\u4eee\u8a2d\u6a5f\u6750\u4e8b\u696d\u5354\u540c\u7d44\u5408\uff09\u5916\u56fd\u4eba\u6280\u80fd\u5b9f\u7fd2\u751f\u53d7\u5165\" \/>\n<meta property=\"article:modified_time\" content=\"2023-08-29T02:42:16+00:00\" \/>\n<meta property=\"og:image\" content=\"https:\/\/www.csc-m.jp\/wp\/wp-content\/uploads\/2023\/08\/be_rogo.png\" \/>\n<meta name=\"twitter:card\" content=\"summary_large_image\" \/>\n<meta name=\"twitter:label1\" content=\"\u01af\u1edbc t\u00ednh th\u1eddi gian \u0111\u1ecdc\" \/>\n\t<meta name=\"twitter:data1\" content=\"1 ph\u00fat\" \/>\n<script type=\"application\/ld+json\" class=\"yoast-schema-graph\">{\"@context\":\"https:\/\/schema.org\",\"@graph\":[{\"@type\":\"WebPage\",\"@id\":\"https:\/\/www.csc-m.jp\/vi\/contact\/\",\"url\":\"https:\/\/www.csc-m.jp\/vi\/contact\/\",\"name\":\"\u0110\u1ecba ch\u1ec9 li\u00ean h\u1ec7 - CSC\uff08\u4e2d\u90e8\u4eee\u8a2d\u6a5f\u6750\u4e8b\u696d\u5354\u540c\u7d44\u5408\uff09\u5916\u56fd\u4eba\u6280\u80fd\u5b9f\u7fd2\u751f\u53d7\u5165\",\"isPartOf\":{\"@id\":\"https:\/\/www.csc-m.jp\/#website\"},\"datePublished\":\"2023-08-22T14:46:22+00:00\",\"dateModified\":\"2023-08-29T02:42:16+00:00\",\"breadcrumb\":{\"@id\":\"https:\/\/www.csc-m.jp\/vi\/contact\/#breadcrumb\"},\"inLanguage\":\"vi\",\"potentialAction\":[{\"@type\":\"ReadAction\",\"target\":[\"https:\/\/www.csc-m.jp\/vi\/contact\/\"]}]},{\"@type\":\"BreadcrumbList\",\"@id\":\"https:\/\/www.csc-m.jp\/vi\/contact\/#breadcrumb\",\"itemListElement\":[{\"@type\":\"ListItem\",\"position\":1,\"name\":\"\u30db\u30fc\u30e0\",\"item\":\"https:\/\/www.csc-m.jp\/vi\/\"},{\"@type\":\"ListItem\",\"position\":2,\"name\":\"\u0110\u1ecba ch\u1ec9 li\u00ean h\u1ec7\"}]},{\"@type\":\"WebSite\",\"@id\":\"https:\/\/www.csc-m.jp\/#website\",\"url\":\"https:\/\/www.csc-m.jp\/\",\"name\":\"CSC\uff08\u4e2d\u90e8\u4eee\u8a2d\u6a5f\u6750\u4e8b\u696d\u5354\u540c\u7d44\u5408\uff09\u5916\u56fd\u4eba\u6280\u80fd\u5b9f\u7fd2\u751f\u53d7\u5165\",\"description\":\"\u65e5\u672c\u306e\u6280\u8853\u3067\u6bcd\u56fd\u306e\u672a\u6765\u3092\u5275\u308d\u3046\",\"potentialAction\":[{\"@type\":\"SearchAction\",\"target\":{\"@type\":\"EntryPoint\",\"urlTemplate\":\"https:\/\/www.csc-m.jp\/?s={search_term_string}\"},\"query-input\":\"required name=search_term_string\"}],\"inLanguage\":\"vi\"}]}<\/script>\n<!-- \/ Yoast SEO plugin. -->","yoast_head_json":{"title":"\u0110\u1ecba ch\u1ec9 li\u00ean h\u1ec7 - CSC\uff08\u4e2d\u90e8\u4eee\u8a2d\u6a5f\u6750\u4e8b\u696d\u5354\u540c\u7d44\u5408\uff09\u5916\u56fd\u4eba\u6280\u80fd\u5b9f\u7fd2\u751f\u53d7\u5165","robots":{"index":"index","follow":"follow","max-snippet":"max-snippet:-1","max-image-preview":"max-image-preview:large","max-video-preview":"max-video-preview:-1"},"canonical":"https:\/\/www.csc-m.jp\/vi\/contact\/","og_locale":"vi_VN","og_type":"article","og_title":"\u0110\u1ecba ch\u1ec9 li\u00ean h\u1ec7 - CSC\uff08\u4e2d\u90e8\u4eee\u8a2d\u6a5f\u6750\u4e8b\u696d\u5354\u540c\u7d44\u5408\uff09\u5916\u56fd\u4eba\u6280\u80fd\u5b9f\u7fd2\u751f\u53d7\u5165","og_description":"\u0110\u1ea7u trang Ch\u00ednh s\u00e1ch b\u1ea3o m\u1eadt \u0110\u1ecba ch\u1ec9 li\u00ean h\u1ec7 39-2 Oaza Kamezaki Shinden, Kawagoe-cho, Mie-gun, Mie-ken, 510-8114S\u0110T: 059-329-7899 B\u1ea3n quy\u1ec1n - \u00a9 Nghi\u1ec7p \u0111o\u00e0n kinh doanh gi\u00e0n gi\u00e1o Chubu - B\u1ea3o l\u01b0u m\u1ecdi quy\u1ec1n.","og_url":"https:\/\/www.csc-m.jp\/vi\/contact\/","og_site_name":"CSC\uff08\u4e2d\u90e8\u4eee\u8a2d\u6a5f\u6750\u4e8b\u696d\u5354\u540c\u7d44\u5408\uff09\u5916\u56fd\u4eba\u6280\u80fd\u5b9f\u7fd2\u751f\u53d7\u5165","article_modified_time":"2023-08-29T02:42:16+00:00","og_image":[{"url":"https:\/\/www.csc-m.jp\/wp\/wp-content\/uploads\/2023\/08\/be_rogo.png"}],"twitter_card":"summary_large_image","twitter_misc":{"\u01af\u1edbc t\u00ednh th\u1eddi gian \u0111\u1ecdc":"1 ph\u00fat"},"schema":{"@context":"https:\/\/schema.org","@graph":[{"@type":"WebPage","@id":"https:\/\/www.csc-m.jp\/vi\/contact\/","url":"https:\/\/www.csc-m.jp\/vi\/contact\/","name":"\u0110\u1ecba ch\u1ec9 li\u00ean h\u1ec7 - CSC\uff08\u4e2d\u90e8\u4eee\u8a2d\u6a5f\u6750\u4e8b\u696d\u5354\u540c\u7d44\u5408\uff09\u5916\u56fd\u4eba\u6280\u80fd\u5b9f\u7fd2\u751f\u53d7\u5165","isPartOf":{"@id":"https:\/\/www.csc-m.jp\/#website"},"datePublished":"2023-08-22T14:46:22+00:00","dateModified":"2023-08-29T02:42:16+00:00","breadcrumb":{"@id":"https:\/\/www.csc-m.jp\/vi\/contact\/#breadcrumb"},"inLanguage":"vi","potentialAction":[{"@type":"ReadAction","target":["https:\/\/www.csc-m.jp\/vi\/contact\/"]}]},{"@type":"BreadcrumbList","@id":"https:\/\/www.csc-m.jp\/vi\/contact\/#breadcrumb","itemListElement":[{"@type":"ListItem","position":1,"name":"\u30db\u30fc\u30e0","item":"https:\/\/www.csc-m.jp\/vi\/"},{"@type":"ListItem","position":2,"name":"\u0110\u1ecba ch\u1ec9 li\u00ean h\u1ec7"}]},{"@type":"WebSite","@id":"https:\/\/www.csc-m.jp\/#website","url":"https:\/\/www.csc-m.jp\/","name":"CSC\uff08\u4e2d\u90e8\u4eee\u8a2d\u6a5f\u6750\u4e8b\u696d\u5354\u540c\u7d44\u5408\uff09\u5916\u56fd\u4eba\u6280\u80fd\u5b9f\u7fd2\u751f\u53d7\u5165","description":"\u65e5\u672c\u306e\u6280\u8853\u3067\u6bcd\u56fd\u306e\u672a\u6765\u3092\u5275\u308d\u3046","potentialAction":[{"@type":"SearchAction","target":{"@type":"EntryPoint","urlTemplate":"https:\/\/www.csc-m.jp\/?s={search_term_string}"},"query-input":"required name=search_term_string"}],"inLanguage":"vi"}]}},"_links":{"self":[{"href":"https:\/\/www.csc-m.jp\/wp-json\/wp\/v2\/pages\/441"}],"collection":[{"href":"https:\/\/www.csc-m.jp\/wp-json\/wp\/v2\/pages"}],"about":[{"href":"https:\/\/www.csc-m.jp\/wp-json\/wp\/v2\/types\/page"}],"author":[{"embeddable":true,"href":"https:\/\/www.csc-m.jp\/wp-json\/wp\/v2\/users\/1"}],"replies":[{"embeddable":true,"href":"https:\/\/www.csc-m.jp\/wp-json\/wp\/v2\/comments?post=441"}],"version-history":[{"count":6,"href":"https:\/\/www.csc-m.jp\/wp-json\/wp\/v2\/pages\/441\/revisions"}],"predecessor-version":[{"id":672,"href":"https:\/\/www.csc-m.jp\/wp-json\/wp\/v2\/pages\/441\/revisions\/672"}],"wp:attachment":[{"href":"https:\/\/www.csc-m.jp\/wp-json\/wp\/v2\/media?parent=441"}],"curies":[{"name":"wp","href":"https:\/\/api.w.org\/{rel}","templated":true}]}}